{"id":53,"date":"2025-12-18T18:30:45","date_gmt":"2025-12-18T18:30:45","guid":{"rendered":"https:\/\/dev.montado.pt\/?page_id=53"},"modified":"2025-12-18T18:30:56","modified_gmt":"2025-12-18T18:30:56","slug":"about-us","status":"publish","type":"page","link":"https:\/\/montado.pt\/en\/sobre-nos\/","title":{"rendered":"About us"},"content":{"rendered":"<div data-elementor-type=\"wp-page\" data-elementor-id=\"53\" class=\"elementor elementor-53\" wpc-filter-elementor-widget=\"1\" data-elementor-post-type=\"page\">\n\t\t\t\t<div class=\"elementor-element elementor-element-13bd4f58 e-flex e-con-boxed e-con e-parent\" data-id=\"13bd4f58\" data-element_type=\"container\" data-e-type=\"container\">\n\t\t\t\t\t<div class=\"e-con-inner\">\n\t\t<div class=\"elementor-element elementor-element-16fda5c9 e-con-full e-flex e-con e-child\" data-id=\"16fda5c9\" data-element_type=\"container\" data-e-type=\"container\" data-settings=\"{&quot;background_background&quot;:&quot;classic&quot;}\">\n\t\t<div class=\"elementor-element elementor-element-1dc2bb5f e-con-full e-flex e-con e-child\" data-id=\"1dc2bb5f\" data-element_type=\"container\" data-e-type=\"container\">\n\t\t<div class=\"elementor-element elementor-element-438cb635 e-con-full e-flex e-con e-child\" data-id=\"438cb635\" data-element_type=\"container\" data-e-type=\"container\">\n\t\t\t\t<div class=\"elementor-element elementor-element-4dea674a elementor-widget elementor-widget-heading\" data-id=\"4dea674a\" data-element_type=\"widget\" data-e-type=\"widget\" data-widget_type=\"heading.default\">\n\t\t\t\t\t<h2 class=\"elementor-heading-title elementor-size-default\">MODA EM CORTI\u00c7A PORTUGUESA<\/h2>\t\t\t\t<\/div>\n\t\t\t\t<div class=\"elementor-element elementor-element-28c7c2ba elementor-widget elementor-widget-text-editor\" data-id=\"28c7c2ba\" data-element_type=\"widget\" data-e-type=\"widget\" data-widget_type=\"text-editor.default\">\n\t\t\t\t\t\t\t\t\t<p>Malas, Carteiras, Cal\u00e7ado e Acess\u00f3rios. Corti\u00e7a 100% Eco Friendly &#8211; natural, renov\u00e1vel, biodegrad\u00e1vel. De Portugal para o Mundo&#8230; para um mundo melhor, mais verde. Com paix\u00e3o, com orgulho.<\/p>\t\t\t\t\t\t\t\t<\/div>\n\t\t\t\t<\/div>\n\t\t\t\t<\/div>\n\t\t\t\t<\/div>\n\t\t\t\t\t<\/div>\n\t\t\t\t<\/div>\n\t\t<div class=\"elementor-element elementor-element-a9003b9 e-flex e-con-boxed e-con e-parent\" data-id=\"a9003b9\" data-element_type=\"container\" data-e-type=\"container\">\n\t\t\t\t\t<div class=\"e-con-inner\">\n\t\t\t\t<div class=\"elementor-element elementor-element-f1cf148 elementor-widget elementor-widget-heading\" data-id=\"f1cf148\" data-element_type=\"widget\" data-e-type=\"widget\" data-widget_type=\"heading.default\">\n\t\t\t\t\t<h2 class=\"elementor-heading-title elementor-size-default\">NATURAL, DISTINTA, \u00daNICA\u00a0\n<\/h2>\t\t\t\t<\/div>\n\t\t\t\t<div class=\"elementor-element elementor-element-4af21bc elementor-widget elementor-widget-heading\" data-id=\"4af21bc\" data-element_type=\"widget\" data-e-type=\"widget\" data-widget_type=\"heading.default\">\n\t\t\t\t\t<h2 class=\"elementor-heading-title elementor-size-default\">Moda Eco-friendly &amp; Vegan\n<\/h2>\t\t\t\t<\/div>\n\t\t\t\t<div class=\"elementor-element elementor-element-3cfbac6 elementor-widget elementor-widget-text-editor\" data-id=\"3cfbac6\" data-element_type=\"widget\" data-e-type=\"widget\" data-widget_type=\"text-editor.default\">\n\t\t\t\t\t\t\t\t\t<p>A\u00a0Montado\u00a0nasce no seio de uma empresa com mais de 40 anos de experi\u00eancia no mercado. As nossas origens s\u00e3o Portuguesas mas o nosso destino \u00e9 o mundo&#8230; para um\u00a0Planeta mais verde e sustent\u00e1vel. Somos uma marca comunit\u00e1ria de artigos de moda amiga do ambiente, produzidos com uma mat\u00e9ria-prima de propriedades absolutamente \u00fanicas, a nossa amada\u00a0corti\u00e7a: 100% natural, renov\u00e1vel e biodegrad\u00e1vel; 100% \u00fanica, distinta e trendy. Com ela criamos\u00a0malas, carteiras, cal\u00e7ado\u00a0e muitos outros acess\u00f3rios de moda de\u00a0qualidade premium\u00a0e\u00a0design contempor\u00e2neo\u00a0que lhe permitem\u00a0afirmar os seus valores ambientais sem sacrificar a eleg\u00e2ncia e o estilo pessoal. Adicionalmente, uma significativa e crescente quota dos artigos que constituem a nossa cole\u00e7\u00e3o s\u00e3o tamb\u00e9m\u00a0Vegan-friendly\u00a0&#8211; 100% isentos de qualquer produto de origem animal.\u00a0<\/p>\t\t\t\t\t\t\t\t<\/div>\n\t\t\t\t\t<\/div>\n\t\t\t\t<\/div>\n\t\t<div class=\"elementor-element elementor-element-55a53a4 e-flex e-con-boxed e-con e-parent\" data-id=\"55a53a4\" data-element_type=\"container\" data-e-type=\"container\">\n\t\t\t\t\t<div class=\"e-con-inner\">\n\t\t<div class=\"elementor-element elementor-element-78c8bcd e-con-full e-flex e-con e-child\" data-id=\"78c8bcd\" data-element_type=\"container\" data-e-type=\"container\">\n\t\t\t\t<div class=\"elementor-element elementor-element-d63f44a elementor-widget elementor-widget-image\" data-id=\"d63f44a\" data-element_type=\"widget\" data-e-type=\"widget\" data-widget_type=\"image.default\">\n\t\t\t\t\t\t\t\t\t\t\t\t\t\t\t<img fetchpriority=\"high\" decoding=\"async\" width=\"800\" height=\"560\" src=\"https:\/\/montado.pt\/wp-content\/uploads\/2025\/12\/mapa-montado-1024x717.webp\" class=\"attachment-large size-large wp-image-177\" alt=\"mapa montado\" srcset=\"https:\/\/montado.pt\/wp-content\/uploads\/2025\/12\/mapa-montado-1024x717.webp 1024w, https:\/\/montado.pt\/wp-content\/uploads\/2025\/12\/mapa-montado-600x420.webp 600w, https:\/\/montado.pt\/wp-content\/uploads\/2025\/12\/mapa-montado-300x210.webp 300w, https:\/\/montado.pt\/wp-content\/uploads\/2025\/12\/mapa-montado-768x538.webp 768w, https:\/\/montado.pt\/wp-content\/uploads\/2025\/12\/mapa-montado-1536x1076.webp 1536w, https:\/\/montado.pt\/wp-content\/uploads\/2025\/12\/mapa-montado.webp 1824w\" sizes=\"(max-width: 800px) 100vw, 800px\" \/>\t\t\t\t\t\t\t\t\t\t\t\t\t\t\t<\/div>\n\t\t\t\t<\/div>\n\t\t<div class=\"elementor-element elementor-element-9500797 e-con-full e-flex e-con e-child\" data-id=\"9500797\" data-element_type=\"container\" data-e-type=\"container\">\n\t\t\t\t<div class=\"elementor-element elementor-element-d0b11e2 elementor-widget elementor-widget-heading\" data-id=\"d0b11e2\" data-element_type=\"widget\" data-e-type=\"widget\" data-widget_type=\"heading.default\">\n\t\t\t\t\t<h2 class=\"elementor-heading-title elementor-size-default\">De Portugal para o Mundo... com amor.<\/h2>\t\t\t\t<\/div>\n\t\t\t\t<div class=\"elementor-element elementor-element-8200d51 elementor-widget elementor-widget-text-editor\" data-id=\"8200d51\" data-element_type=\"widget\" data-e-type=\"widget\" data-widget_type=\"text-editor.default\">\n\t\t\t\t\t\t\t\t\t<p>O\u00a0Montado\u00a0que serviu de inspira\u00e7\u00e3o para o nosso nome \u00e9 um\u00a0ecossistema constitu\u00eddo por florestas de\u00a0sobreiros\u00a0de equil\u00edbrio fr\u00e1gil que subsistem apenas em algumas zonas do Mediterr\u00e2neo, mas\u00a0sobretudo em Portugal e Espanha.<\/p>\t\t\t\t\t\t\t\t<\/div>\n\t\t\t\t<div class=\"elementor-element elementor-element-5f7cecf elementor-widget elementor-widget-text-editor\" data-id=\"5f7cecf\" data-element_type=\"widget\" data-e-type=\"widget\" data-widget_type=\"text-editor.default\">\n\t\t\t\t\t\t\t\t\t<p>A corti\u00e7a \u00e9 a casca desta magn\u00edfica \u00e1rvore, classificada como\u00a0\u00c1rvore Nacional de Portugal\u00a0desde 2011.\u00a0Portugal tem a maior extens\u00e3o de sobreiros do mundo (33% da \u00e1rea mundial) e \u00e9 o maior exportador mundial de corti\u00e7a. Os sobreiros s\u00e3o legalmente protegidos; o seu abate \u00e9 proibido em todo o territ\u00f3rio.<\/p>\t\t\t\t\t\t\t\t<\/div>\n\t\t\t\t<div class=\"elementor-element elementor-element-2272be1 elementor-widget elementor-widget-text-editor\" data-id=\"2272be1\" data-element_type=\"widget\" data-e-type=\"widget\" data-widget_type=\"text-editor.default\">\n\t\t\t\t\t\t\t\t\t<p>A\u00a0corti\u00e7a\u00a0com que fazemos as nossas malas e restantes artigos \u00e9 extra\u00edda dos sobreiros a cada 9 anos sem prejudicar em nada a sa\u00fade da \u00e1rvore. Cada sobreiro tem uma hist\u00f3ria, todas as placas de corti\u00e7a apresentam varia\u00e7\u00f5es de padr\u00e3o, cor e textura. Cada mala de corti\u00e7a tamb\u00e9m, n\u00e3o h\u00e1 duas iguais.\u00a0<\/p>\t\t\t\t\t\t\t\t<\/div>\n\t\t\t\t<\/div>\n\t\t\t\t\t<\/div>\n\t\t\t\t<\/div>\n\t\t<div class=\"elementor-element elementor-element-ff19053 e-flex e-con-boxed e-con e-parent\" data-id=\"ff19053\" data-element_type=\"container\" data-e-type=\"container\">\n\t\t\t\t\t<div class=\"e-con-inner\">\n\t\t<div class=\"elementor-element elementor-element-d51eb91 e-con-full e-flex e-con e-child\" data-id=\"d51eb91\" data-element_type=\"container\" data-e-type=\"container\">\n\t\t\t\t<div class=\"elementor-element elementor-element-b189996 elementor-widget elementor-widget-heading\" data-id=\"b189996\" data-element_type=\"widget\" data-e-type=\"widget\" data-widget_type=\"heading.default\">\n\t\t\t\t\t<h2 class=\"elementor-heading-title elementor-size-default\">Malas de Corti\u00e7a, Carteiras, Cal\u00e7ado... com estilo.<\/h2>\t\t\t\t<\/div>\n\t\t\t\t<div class=\"elementor-element elementor-element-0a9ab4d elementor-widget elementor-widget-text-editor\" data-id=\"0a9ab4d\" data-element_type=\"widget\" data-e-type=\"widget\" data-widget_type=\"text-editor.default\">\n\t\t\t\t\t\t\t\t\t<p>Escolher artigos de moda em corti\u00e7a \u00e9 certamente\u00a0<em><strong>um\u00a0statement<\/strong><strong>&#8230; mas n\u00e3o s\u00f3<\/strong><\/em>. \u00c9 muito mais que isso! A corti\u00e7a \u00e9 um\u00a0<strong>material premium<\/strong>. V\u00e1rios tentaram replic\u00e1-lo por processos industriais e tecnol\u00f3gicos. Falharam. Todos. Redondamente.\u00a0<\/p>\t\t\t\t\t\t\t\t<\/div>\n\t\t\t\t<div class=\"elementor-element elementor-element-8e4d086 elementor-widget elementor-widget-text-editor\" data-id=\"8e4d086\" data-element_type=\"widget\" data-e-type=\"widget\" data-widget_type=\"text-editor.default\">\n\t\t\t\t\t\t\t\t\t<p>Que outro material \u00e9 simultaneamente 100% natural, el\u00e1stico, imperme\u00e1vel, hipoalerg\u00e9nico, resistente ao fogo, dur\u00e1vel, impressionante, belo, \u00fanico a cada pe\u00e7a e assim suave ao toque? N\u00f3s n\u00e3o conhecemos outro. E se ele existir n\u00e3o queremos saber: estamos apaixonados por ela, a corti\u00e7a.<\/p>\t\t\t\t\t\t\t\t<\/div>\n\t\t\t\t<div class=\"elementor-element elementor-element-ef463ed elementor-widget elementor-widget-text-editor\" data-id=\"ef463ed\" data-element_type=\"widget\" data-e-type=\"widget\" data-widget_type=\"text-editor.default\">\n\t\t\t\t\t\t\t\t\t<p><strong>N\u00f3s e uma equipa de\u00a0consagrados e jovens designers<\/strong>, bem como as\u00a0<strong>m\u00e3os experientes<\/strong>\u00a0que a trabalham h\u00e1 uma vida&#8230; toda a vida. O resultado?\u00a0<strong>Malas de corti\u00e7a, carteiras, cal\u00e7ado e outros artigos<\/strong>\u00a0que consideramos magn\u00edficos&#8230; <strong>mas\u00a0que falam por eles pr\u00f3prios<\/strong>.\u00a0<\/p>\t\t\t\t\t\t\t\t<\/div>\n\t\t\t\t<\/div>\n\t\t<div class=\"elementor-element elementor-element-8d11673 e-con-full e-flex e-con e-child\" data-id=\"8d11673\" data-element_type=\"container\" data-e-type=\"container\">\n\t\t\t\t<div class=\"elementor-element elementor-element-d004a54 elementor-widget elementor-widget-image\" data-id=\"d004a54\" data-element_type=\"widget\" data-e-type=\"widget\" data-widget_type=\"image.default\">\n\t\t\t\t\t\t\t\t\t\t\t\t\t\t\t<img decoding=\"async\" width=\"800\" height=\"562\" src=\"https:\/\/montado.pt\/wp-content\/uploads\/2025\/12\/montado-handbags-1024x719.webp\" class=\"attachment-large size-large wp-image-181\" alt=\"montado handbags\" srcset=\"https:\/\/montado.pt\/wp-content\/uploads\/2025\/12\/montado-handbags-1024x719.webp 1024w, https:\/\/montado.pt\/wp-content\/uploads\/2025\/12\/montado-handbags-600x421.webp 600w, https:\/\/montado.pt\/wp-content\/uploads\/2025\/12\/montado-handbags-300x211.webp 300w, https:\/\/montado.pt\/wp-content\/uploads\/2025\/12\/montado-handbags-768x539.webp 768w, https:\/\/montado.pt\/wp-content\/uploads\/2025\/12\/montado-handbags-1536x1079.webp 1536w, https:\/\/montado.pt\/wp-content\/uploads\/2025\/12\/montado-handbags.webp 1824w\" sizes=\"(max-width: 800px) 100vw, 800px\" \/>\t\t\t\t\t\t\t\t\t\t\t\t\t\t\t<\/div>\n\t\t\t\t<\/div>\n\t\t\t\t\t<\/div>\n\t\t\t\t<\/div>\n\t\t<div class=\"elementor-element elementor-element-2d951db e-flex e-con-boxed e-con e-parent\" data-id=\"2d951db\" data-element_type=\"container\" data-e-type=\"container\">\n\t\t\t\t\t<div class=\"e-con-inner\">\n\t\t<div class=\"elementor-element elementor-element-f64db2c e-con-full e-flex e-con e-child\" data-id=\"f64db2c\" data-element_type=\"container\" data-e-type=\"container\">\n\t\t\t\t<div class=\"elementor-element elementor-element-e8f147a elementor-widget elementor-widget-image\" data-id=\"e8f147a\" data-element_type=\"widget\" data-e-type=\"widget\" data-widget_type=\"image.default\">\n\t\t\t\t\t\t\t\t\t\t\t\t\t\t\t<img decoding=\"async\" width=\"800\" height=\"562\" src=\"https:\/\/montado.pt\/wp-content\/uploads\/2025\/12\/portuguese-cork-1024x719.webp\" class=\"attachment-large size-large wp-image-188\" alt=\"portuguese cork\" srcset=\"https:\/\/montado.pt\/wp-content\/uploads\/2025\/12\/portuguese-cork-1024x719.webp 1024w, https:\/\/montado.pt\/wp-content\/uploads\/2025\/12\/portuguese-cork-600x421.webp 600w, https:\/\/montado.pt\/wp-content\/uploads\/2025\/12\/portuguese-cork-300x211.webp 300w, https:\/\/montado.pt\/wp-content\/uploads\/2025\/12\/portuguese-cork-768x539.webp 768w, https:\/\/montado.pt\/wp-content\/uploads\/2025\/12\/portuguese-cork-1536x1079.webp 1536w, https:\/\/montado.pt\/wp-content\/uploads\/2025\/12\/portuguese-cork.webp 1824w\" sizes=\"(max-width: 800px) 100vw, 800px\" \/>\t\t\t\t\t\t\t\t\t\t\t\t\t\t\t<\/div>\n\t\t\t\t<\/div>\n\t\t<div class=\"elementor-element elementor-element-41eacd4 e-con-full e-flex e-con e-child\" data-id=\"41eacd4\" data-element_type=\"container\" data-e-type=\"container\">\n\t\t\t\t<div class=\"elementor-element elementor-element-0563ccd elementor-widget elementor-widget-heading\" data-id=\"0563ccd\" data-element_type=\"widget\" data-e-type=\"widget\" data-widget_type=\"heading.default\">\n\t\t\t\t\t<h2 class=\"elementor-heading-title elementor-size-default\">Para Empresas e Particulares... \ncom profissionalismo.<\/h2>\t\t\t\t<\/div>\n\t\t\t\t<div class=\"elementor-element elementor-element-058fd08 elementor-widget elementor-widget-text-editor\" data-id=\"058fd08\" data-element_type=\"widget\" data-e-type=\"widget\" data-widget_type=\"text-editor.default\">\n\t\t\t\t\t\t\t\t\t<p>Confrontados com a habitual escolha entre vender os nossos artigos de moda, em corti\u00e7a 100% natural e maioritariamente Vegan diretamente ao\u00a0consumidor final\u00a0ou a uma rede de\u00a0distribuidores e\u00a0lojistas, decidimos-nos por uma terceira via: torn\u00e1-los acess\u00edveis a ambos.\u00a0<\/p>\t\t\t\t\t\t\t\t<\/div>\n\t\t\t\t<div class=\"elementor-element elementor-element-5cc0b6b elementor-widget elementor-widget-text-editor\" data-id=\"5cc0b6b\" data-element_type=\"widget\" data-e-type=\"widget\" data-widget_type=\"text-editor.default\">\n\t\t\t\t\t\t\t\t\t<p>Por isso cri\u00e1mos esta plataforma online onde: <strong>1)<\/strong> os profissionais podem criar uma conta empresarial; <strong>2)<\/strong> Todos os apaixonados por artigos de corti\u00e7a e pelo ambiente podem adquirir diretamente as nossas malas, carteiras, cal\u00e7ado e outros produtos.\u00a0<\/p>\t\t\t\t\t\t\t\t<\/div>\n\t\t\t\t<div class=\"elementor-element elementor-element-ce04e72 elementor-widget elementor-widget-text-editor\" data-id=\"ce04e72\" data-element_type=\"widget\" data-e-type=\"widget\" data-widget_type=\"text-editor.default\">\n\t\t\t\t\t\t\t\t\t<p>Seja qual for o seu perfil, queremos que tenha uma experi\u00eancia de compra 100% satisfat\u00f3ria. Para qualquer quest\u00e3o contacte o nosso\u00a0<strong>servi\u00e7o de apoio ao consumidor<\/strong>.<\/p>\t\t\t\t\t\t\t\t<\/div>\n\t\t\t\t<\/div>\n\t\t\t\t\t<\/div>\n\t\t\t\t<\/div>\n\t\t<div class=\"elementor-element elementor-element-3a36790 e-flex e-con-boxed e-con e-parent\" data-id=\"3a36790\" data-element_type=\"container\" data-e-type=\"container\">\n\t\t\t\t\t<div class=\"e-con-inner\">\n\t\t\t\t<div class=\"elementor-element elementor-element-a3c4d0e elementor-widget elementor-widget-spacer\" data-id=\"a3c4d0e\" data-element_type=\"widget\" data-e-type=\"widget\" data-widget_type=\"spacer.default\">\n\t\t\t\t\t\t\t<div class=\"elementor-spacer\">\n\t\t\t<div class=\"elementor-spacer-inner\"><\/div>\n\t\t<\/div>\n\t\t\t\t\t\t<\/div>\n\t\t\t\t\t<\/div>\n\t\t\t\t<\/div>\n\t\t\t\t<\/div>","protected":false},"excerpt":{"rendered":"<p>MODA EM CORTI\u00c7A PORTUGUESA Malas, Carteiras, Cal\u00e7ado e Acess\u00f3rios. Corti\u00e7a 100% Eco Friendly &#8211; natural, renov\u00e1vel, biodegrad\u00e1vel. De Portugal para o Mundo&#8230; para um mundo melhor, mais verde. Com paix\u00e3o, com orgulho. NATURAL, DISTINTA, \u00daNICA\u00a0 Moda Eco-friendly &amp; Vegan A\u00a0Montado\u00a0nasce no seio de uma empresa com mais de 40 anos de experi\u00eancia no mercado. As [&hellip;]<\/p>\n","protected":false},"author":1,"featured_media":0,"parent":0,"menu_order":0,"comment_status":"closed","ping_status":"closed","template":"","meta":{"footnotes":""},"class_list":["post-53","page","type-page","status-publish","hentry","_wholesalex wsx-wholesalex-product"],"_links":{"self":[{"href":"https:\/\/montado.pt\/en\/wp-json\/wp\/v2\/pages\/53","targetHints":{"allow":["GET"]}}],"collection":[{"href":"https:\/\/montado.pt\/en\/wp-json\/wp\/v2\/pages"}],"about":[{"href":"https:\/\/montado.pt\/en\/wp-json\/wp\/v2\/types\/page"}],"author":[{"embeddable":true,"href":"https:\/\/montado.pt\/en\/wp-json\/wp\/v2\/users\/1"}],"replies":[{"embeddable":true,"href":"https:\/\/montado.pt\/en\/wp-json\/wp\/v2\/comments?post=53"}],"version-history":[{"count":34,"href":"https:\/\/montado.pt\/en\/wp-json\/wp\/v2\/pages\/53\/revisions"}],"predecessor-version":[{"id":197,"href":"https:\/\/montado.pt\/en\/wp-json\/wp\/v2\/pages\/53\/revisions\/197"}],"wp:attachment":[{"href":"https:\/\/montado.pt\/en\/wp-json\/wp\/v2\/media?parent=53"}],"curies":[{"name":"wp","href":"https:\/\/api.w.org\/{rel}","templated":true}]}}