{"id":3519,"date":"2026-03-21T22:36:41","date_gmt":"2026-03-21T22:36:41","guid":{"rendered":"https:\/\/montado.pt\/?page_id=3519"},"modified":"2026-03-21T22:38:35","modified_gmt":"2026-03-21T22:38:35","slug":"resolucao-alternativa-de-litigios-de-consumo","status":"publish","type":"page","link":"https:\/\/montado.pt\/en\/resolucao-alternativa-de-litigios-de-consumo\/","title":{"rendered":"Alternative Dispute Resolution"},"content":{"rendered":"<div data-elementor-type=\"wp-page\" data-elementor-id=\"3519\" class=\"elementor elementor-3519\" wpc-filter-elementor-widget=\"1\" data-elementor-post-type=\"page\">\n\t\t\t\t<div class=\"elementor-element elementor-element-2a8db66 e-flex e-con-boxed e-con e-parent\" data-id=\"2a8db66\" data-element_type=\"container\" data-e-type=\"container\">\n\t\t\t\t\t<div class=\"e-con-inner\">\n\t\t\t\t<div class=\"elementor-element elementor-element-00cb4ce elementor-widget elementor-widget-spacer\" data-id=\"00cb4ce\" data-element_type=\"widget\" data-e-type=\"widget\" data-widget_type=\"spacer.default\">\n\t\t\t\t\t\t\t<div class=\"elementor-spacer\">\n\t\t\t<div class=\"elementor-spacer-inner\"><\/div>\n\t\t<\/div>\n\t\t\t\t\t\t<\/div>\n\t\t\t\t<div class=\"elementor-element elementor-element-8215c2b elementor-widget elementor-widget-heading\" data-id=\"8215c2b\" data-element_type=\"widget\" data-e-type=\"widget\" data-widget_type=\"heading.default\">\n\t\t\t\t\t<h2 class=\"elementor-heading-title elementor-size-default\">Alternative Dispute Resolution<\/h2>\t\t\t\t<\/div>\n\t\t\t\t\t<\/div>\n\t\t\t\t<\/div>\n\t\t<div class=\"elementor-element elementor-element-86e302b e-flex e-con-boxed e-con e-parent\" data-id=\"86e302b\" data-element_type=\"container\" data-e-type=\"container\">\n\t\t\t\t\t<div class=\"e-con-inner\">\n\t\t\t\t<div class=\"elementor-element elementor-element-1a347bf elementor-widget elementor-widget-text-editor\" data-id=\"1a347bf\" data-element_type=\"widget\" data-e-type=\"widget\" data-widget_type=\"text-editor.default\">\n\t\t\t\t\t\t\t\t\t<p><span style=\"font-weight: 400;\">Em caso de lit\u00edgio de consumo, o consumidor pode recorrer a uma entidade de resolu\u00e7\u00e3o alternativa de lit\u00edgios de consumo.<\/span><\/p><p><span style=\"font-weight: 400;\">A entidade competente indicada pela Montado \u00e9:<\/span><\/p><p><b>CNIACC \u2013 Centro Nacional de Informa\u00e7\u00e3o e Arbitragem de Conflitos de Consumo<\/b><b><br \/><\/b><span style=\"font-weight: 400;\">Website: <\/span><a href=\"https:\/\/www.cniacc.pt\/pt\" target=\"_blank\" rel=\"noopener\"><b>www.cniacc.pt<\/b><\/a><\/p><p><span style=\"font-weight: 400;\">O CNIACC integra a rede de entidades de RAL e abrange, entre outros, o munic\u00edpio de Alcoba\u00e7a.<\/span><\/p><p><span style=\"font-weight: 400;\">A utiliza\u00e7\u00e3o da RAL n\u00e3o prejudica o direito de recurso aos tribunais judiciais, nos termos da lei.<\/span><\/p>\t\t\t\t\t\t\t\t<\/div>\n\t\t\t\t\t<\/div>\n\t\t\t\t<\/div>\n\t\t<div class=\"elementor-element elementor-element-f25072d e-flex e-con-boxed e-con e-parent\" data-id=\"f25072d\" data-element_type=\"container\" data-e-type=\"container\">\n\t\t\t\t\t<div class=\"e-con-inner\">\n\t\t\t\t<div class=\"elementor-element elementor-element-5f05314 elementor-widget elementor-widget-spacer\" data-id=\"5f05314\" data-element_type=\"widget\" data-e-type=\"widget\" data-widget_type=\"spacer.default\">\n\t\t\t\t\t\t\t<div class=\"elementor-spacer\">\n\t\t\t<div class=\"elementor-spacer-inner\"><\/div>\n\t\t<\/div>\n\t\t\t\t\t\t<\/div>\n\t\t\t\t\t<\/div>\n\t\t\t\t<\/div>\n\t\t\t\t<\/div>","protected":false},"excerpt":{"rendered":"<p>Resolu\u00e7\u00e3o Alternativa de Lit\u00edgios de Consumo Em caso de lit\u00edgio de consumo, o consumidor pode recorrer a uma entidade de resolu\u00e7\u00e3o alternativa de lit\u00edgios de consumo. A entidade competente indicada pela Montado \u00e9: CNIACC \u2013 Centro Nacional de Informa\u00e7\u00e3o e Arbitragem de Conflitos de ConsumoWebsite: www.cniacc.pt O CNIACC integra a rede de entidades de RAL [&hellip;]<\/p>\n","protected":false},"author":1,"featured_media":0,"parent":0,"menu_order":0,"comment_status":"closed","ping_status":"closed","template":"","meta":{"footnotes":""},"class_list":["post-3519","page","type-page","status-publish","hentry","_wholesalex wsx-wholesalex-product"],"_links":{"self":[{"href":"https:\/\/montado.pt\/en\/wp-json\/wp\/v2\/pages\/3519","targetHints":{"allow":["GET"]}}],"collection":[{"href":"https:\/\/montado.pt\/en\/wp-json\/wp\/v2\/pages"}],"about":[{"href":"https:\/\/montado.pt\/en\/wp-json\/wp\/v2\/types\/page"}],"author":[{"embeddable":true,"href":"https:\/\/montado.pt\/en\/wp-json\/wp\/v2\/users\/1"}],"replies":[{"embeddable":true,"href":"https:\/\/montado.pt\/en\/wp-json\/wp\/v2\/comments?post=3519"}],"version-history":[{"count":4,"href":"https:\/\/montado.pt\/en\/wp-json\/wp\/v2\/pages\/3519\/revisions"}],"predecessor-version":[{"id":3523,"href":"https:\/\/montado.pt\/en\/wp-json\/wp\/v2\/pages\/3519\/revisions\/3523"}],"wp:attachment":[{"href":"https:\/\/montado.pt\/en\/wp-json\/wp\/v2\/media?parent=3519"}],"curies":[{"name":"wp","href":"https:\/\/api.w.org\/{rel}","templated":true}]}}