{"id":3509,"date":"2026-03-21T22:30:50","date_gmt":"2026-03-21T22:30:50","guid":{"rendered":"https:\/\/montado.pt\/?page_id=3509"},"modified":"2026-04-27T16:25:29","modified_gmt":"2026-04-27T16:25:29","slug":"legal-information","status":"publish","type":"page","link":"https:\/\/montado.pt\/en\/informacao-legal\/","title":{"rendered":"Legal Information"},"content":{"rendered":"<div data-elementor-type=\"wp-page\" data-elementor-id=\"3509\" class=\"elementor elementor-3509\" wpc-filter-elementor-widget=\"1\" data-elementor-post-type=\"page\">\n\t\t\t\t<div class=\"elementor-element elementor-element-a864880 e-flex e-con-boxed e-con e-parent\" data-id=\"a864880\" data-element_type=\"container\" data-e-type=\"container\">\n\t\t\t\t\t<div class=\"e-con-inner\">\n\t\t\t\t<div class=\"elementor-element elementor-element-e6f3a97 elementor-widget elementor-widget-spacer\" data-id=\"e6f3a97\" data-element_type=\"widget\" data-e-type=\"widget\" data-widget_type=\"spacer.default\">\n\t\t\t\t\t\t\t<div class=\"elementor-spacer\">\n\t\t\t<div class=\"elementor-spacer-inner\"><\/div>\n\t\t<\/div>\n\t\t\t\t\t\t<\/div>\n\t\t\t\t<div class=\"elementor-element elementor-element-5a24892 elementor-widget elementor-widget-heading\" data-id=\"5a24892\" data-element_type=\"widget\" data-e-type=\"widget\" data-widget_type=\"heading.default\">\n\t\t\t\t\t<h2 class=\"elementor-heading-title elementor-size-default\">Contact and Legal Information<\/h2>\t\t\t\t<\/div>\n\t\t\t\t\t<\/div>\n\t\t\t\t<\/div>\n\t\t<div class=\"elementor-element elementor-element-3238a48 e-flex e-con-boxed e-con e-parent\" data-id=\"3238a48\" data-element_type=\"container\" data-e-type=\"container\">\n\t\t\t\t\t<div class=\"e-con-inner\">\n\t\t\t\t<div class=\"elementor-element elementor-element-2ce13f0 elementor-widget elementor-widget-text-editor\" data-id=\"2ce13f0\" data-element_type=\"widget\" data-e-type=\"widget\" data-widget_type=\"text-editor.default\">\n\t\t\t\t\t\t\t\t\t<p><b>Website owner:<\/b><span style=\"font-weight: 400;\"> Jos\u00e9 dos Reis Fialho &amp; Sons, Ltd.<\/span><span style=\"font-weight: 400;\"><br \/><\/span><b>Trade mark<\/b><span style=\"font-weight: 400;\"> Montado<\/span><span style=\"font-weight: 400;\"><br \/><\/span><b>National Insurance Number<\/b><span style=\"font-weight: 400;\"> PT504360906<\/span><span style=\"font-weight: 400;\"><br \/><\/span><b>Registered office address:<\/b><span style=\"font-weight: 400;\"> Urbaniza\u00e7\u00e3o Quintal Novo, Lot 24, 2475-144 Benedita, Portugal<\/span><span style=\"font-weight: 400;\"><br \/><\/span><b>Commercial register<\/b><span style=\"font-weight: 400;\"> Alcoba\u00e7a Commercial Registry Office, registration number 2665\/19981217<\/span><span style=\"font-weight: 400;\"><br \/><\/span><b>Email:<\/b> <span style=\"font-weight: 400;\">geral@montado.pt<\/span><span style=\"font-weight: 400;\"><br \/><\/span><b>Telephone:<\/b><span style=\"font-weight: 400;\"> +351 262 929 751<\/span><span style=\"font-weight: 400;\"><br \/><\/span><b>WhatsApp:<\/b><span style=\"font-weight: 400;\"> +351 967 374 325<\/span><span style=\"font-weight: 400;\"><br \/><\/span><b>WhatsApp opening hours:<\/b><span style=\"font-weight: 400;\"> weekdays, from 09:00 to 12:00 and from 14:00 to 18:00<\/span><\/p><p><span style=\"font-weight: 400;\">A Montado commercialises physical products made of cork through the website montado.pt and its corresponding English version.<\/span><\/p><p><span style=\"font-weight: 400;\">All content made available on the website, including texts, images, photographs, graphics, logos, visual elements, design, brands, commercial names, and other materials, is protected by intellectual and industrial property rights.<\/span><\/p><p><span style=\"font-weight: 400;\">The brand <\/span><b>Montado\u00ae<\/b><span style=\"font-weight: 400;\"> is a registered and legally protected trademark. All rights associated with it, including name, logo, and other distinctive elements, are reserved. Use, reproduction, or misuse, in whole or in part, without prior written authorisation is prohibited.<\/span><\/p><p><span style=\"font-weight: 400;\">Montado reserves the right to update, modify, suspend or discontinue, at any time and without prior notice, content, products, prices, commercial terms, campaigns, functionalities or areas of the website, without prejudice to the legally acquired rights of customers regarding orders already confirmed.<\/span><\/p>\t\t\t\t\t\t\t\t<\/div>\n\t\t\t\t\t<\/div>\n\t\t\t\t<\/div>\n\t\t<div class=\"elementor-element elementor-element-12ce6c8 e-flex e-con-boxed e-con e-parent\" data-id=\"12ce6c8\" data-element_type=\"container\" data-e-type=\"container\">\n\t\t\t\t\t<div class=\"e-con-inner\">\n\t\t\t\t<div class=\"elementor-element elementor-element-dbdae1d elementor-widget elementor-widget-spacer\" data-id=\"dbdae1d\" data-element_type=\"widget\" data-e-type=\"widget\" data-widget_type=\"spacer.default\">\n\t\t\t\t\t\t\t<div class=\"elementor-spacer\">\n\t\t\t<div class=\"elementor-spacer-inner\"><\/div>\n\t\t<\/div>\n\t\t\t\t\t\t<\/div>\n\t\t\t\t\t<\/div>\n\t\t\t\t<\/div>\n\t\t\t\t<\/div>","protected":false},"excerpt":{"rendered":"<p>Contactos e Informa\u00e7\u00e3o Legal Titular do website: Jos\u00e9 dos Reis Fialho &amp; Filhos, Lda.Marca comercial: MontadoNIF: PT504360906Morada da sede: Urbaniza\u00e7\u00e3o Quintal Novo, Lote 24, 2475-144 Benedita, PortugalRegisto comercial: Conservat\u00f3ria do Registo Comercial de Alcoba\u00e7a, matr\u00edcula n.\u00ba 2665\/19981217Email: geral@montado.ptTelefone: +351 262 929 751WhatsApp: +351 967 374 325Hor\u00e1rio de atendimento via WhatsApp: dias \u00fateis, das 09h00 \u00e0s [&hellip;]<\/p>\n","protected":false},"author":1,"featured_media":0,"parent":0,"menu_order":0,"comment_status":"closed","ping_status":"closed","template":"","meta":{"footnotes":""},"class_list":["post-3509","page","type-page","status-publish","hentry","_wholesalex wsx-wholesalex-product"],"_links":{"self":[{"href":"https:\/\/montado.pt\/en\/wp-json\/wp\/v2\/pages\/3509","targetHints":{"allow":["GET"]}}],"collection":[{"href":"https:\/\/montado.pt\/en\/wp-json\/wp\/v2\/pages"}],"about":[{"href":"https:\/\/montado.pt\/en\/wp-json\/wp\/v2\/types\/page"}],"author":[{"embeddable":true,"href":"https:\/\/montado.pt\/en\/wp-json\/wp\/v2\/users\/1"}],"replies":[{"embeddable":true,"href":"https:\/\/montado.pt\/en\/wp-json\/wp\/v2\/comments?post=3509"}],"version-history":[{"count":10,"href":"https:\/\/montado.pt\/en\/wp-json\/wp\/v2\/pages\/3509\/revisions"}],"predecessor-version":[{"id":3860,"href":"https:\/\/montado.pt\/en\/wp-json\/wp\/v2\/pages\/3509\/revisions\/3860"}],"wp:attachment":[{"href":"https:\/\/montado.pt\/en\/wp-json\/wp\/v2\/media?parent=3509"}],"curies":[{"name":"wp","href":"https:\/\/api.w.org\/{rel}","templated":true}]}}