{"id":3504,"date":"2026-03-21T22:27:03","date_gmt":"2026-03-21T22:27:03","guid":{"rendered":"https:\/\/montado.pt\/?page_id=3504"},"modified":"2026-03-21T22:29:58","modified_gmt":"2026-03-21T22:29:58","slug":"shipping-and-deliveries","status":"publish","type":"page","link":"https:\/\/montado.pt\/en\/envios-e-entregas\/","title":{"rendered":"Shipping and delivery"},"content":{"rendered":"<div data-elementor-type=\"wp-page\" data-elementor-id=\"3504\" class=\"elementor elementor-3504\" wpc-filter-elementor-widget=\"1\" data-elementor-post-type=\"page\">\n\t\t\t\t<div class=\"elementor-element elementor-element-a6438ab e-flex e-con-boxed e-con e-parent\" data-id=\"a6438ab\" data-element_type=\"container\" data-e-type=\"container\">\n\t\t\t\t\t<div class=\"e-con-inner\">\n\t\t\t\t<div class=\"elementor-element elementor-element-02a4d22 elementor-widget elementor-widget-spacer\" data-id=\"02a4d22\" data-element_type=\"widget\" data-e-type=\"widget\" data-widget_type=\"spacer.default\">\n\t\t\t\t\t\t\t<div class=\"elementor-spacer\">\n\t\t\t<div class=\"elementor-spacer-inner\"><\/div>\n\t\t<\/div>\n\t\t\t\t\t\t<\/div>\n\t\t\t\t\t<\/div>\n\t\t\t\t<\/div>\n\t\t<div class=\"elementor-element elementor-element-fd02744 e-flex e-con-boxed e-con e-parent\" data-id=\"fd02744\" data-element_type=\"container\" data-e-type=\"container\">\n\t\t\t\t\t<div class=\"e-con-inner\">\n\t\t\t\t<div class=\"elementor-element elementor-element-6a6d1f3 elementor-widget elementor-widget-heading\" data-id=\"6a6d1f3\" data-element_type=\"widget\" data-e-type=\"widget\" data-widget_type=\"heading.default\">\n\t\t\t\t\t<h2 class=\"elementor-heading-title elementor-size-default\">Shipping and delivery<\/h2>\t\t\t\t<\/div>\n\t\t\t\t\t<\/div>\n\t\t\t\t<\/div>\n\t\t<div class=\"elementor-element elementor-element-ba62c5b e-flex e-con-boxed e-con e-parent\" data-id=\"ba62c5b\" data-element_type=\"container\" data-e-type=\"container\">\n\t\t\t\t\t<div class=\"e-con-inner\">\n\t\t\t\t<div class=\"elementor-element elementor-element-bdcdd24 elementor-widget elementor-widget-text-editor\" data-id=\"bdcdd24\" data-element_type=\"widget\" data-e-type=\"widget\" data-widget_type=\"text-editor.default\">\n\t\t\t\t\t\t\t\t\t<h4><b>1. Scope<\/b><\/h4><p><span style=\"font-weight: 400;\">This policy regulates the shipping and delivery conditions for orders placed through the Montado online shop.<\/span><\/p><h4><b>2. Destinations<\/b><\/h4><p><span style=\"font-weight: 400;\">Montado ships to:<\/span><\/p><ul><li style=\"font-weight: 400;\" aria-level=\"1\"><span style=\"font-weight: 400;\">Mainland Portugal;<\/span><span style=\"font-weight: 400;\"><br \/><br \/><\/span><\/li><li style=\"font-weight: 400;\" aria-level=\"1\"><span style=\"font-weight: 400;\">Madeira and the Azores;<\/span><span style=\"font-weight: 400;\"><br \/><br \/><\/span><\/li><li style=\"font-weight: 400;\" aria-level=\"1\"><span style=\"font-weight: 400;\">European Union countries;<\/span><span style=\"font-weight: 400;\"><br \/><br \/><\/span><\/li><li style=\"font-weight: 400;\" aria-level=\"1\"><span style=\"font-weight: 400;\">European countries outside the European Union;<\/span><span style=\"font-weight: 400;\"><br \/><br \/><\/span><\/li><li style=\"font-weight: 400;\" aria-level=\"1\"><span style=\"font-weight: 400;\">The rest of the world;<\/span><span style=\"font-weight: 400;\"><br \/><br \/><\/span><\/li><li style=\"font-weight: 400;\" aria-level=\"1\"><span style=\"font-weight: 400;\">Other legally permitted destinations.<\/span><span style=\"font-weight: 400;\"><br \/><br \/><\/span><\/li><\/ul><p><span style=\"font-weight: 400;\">Montado reserves the right to refuse shipments to destinations subject to legal, logistical, customs, commercial or operational restrictions.<\/span><\/p><h4><b>3. Carriers<\/b><\/h4><p><span style=\"font-weight: 400;\">Orders can be dispatched via one or more of the following carriers:<\/span><span style=\"font-weight: 400;\"><br \/><\/span> <b>DPD, VASP, CTT, UPS and DHL<\/b><span style=\"font-weight: 400;\">.<\/span><\/p><p><span style=\"font-weight: 400;\">The choice of carrier may vary depending on the destination, weight, size of the parcel, type of product and Montado's logistical criteria.<\/span><\/p><h4><b>4. Average delivery times<\/b><\/h4><p><span style=\"font-weight: 400;\">The estimated average times are<\/span><\/p><ul><li style=\"font-weight: 400;\" aria-level=\"1\"><span style=\"font-weight: 400;\">Mainland Portugal: between <\/span><b>24 and 48 working hours<\/b><span style=\"font-weight: 400;\">;<\/span><span style=\"font-weight: 400;\"><br \/><br \/><\/span><\/li><li style=\"font-weight: 400;\" aria-level=\"1\"><span style=\"font-weight: 400;\">Madeira and the Azores: between <\/span><b>3 and 6 working days<\/b><span style=\"font-weight: 400;\">;<\/span><span style=\"font-weight: 400;\"><br \/><br \/><\/span><\/li><li style=\"font-weight: 400;\" aria-level=\"1\"><span style=\"font-weight: 400;\">European Union and other European countries: between <\/span><b>3 and 5 working days<\/b><span style=\"font-weight: 400;\">;<\/span><span style=\"font-weight: 400;\"><br \/><br \/><\/span><\/li><li style=\"font-weight: 400;\" aria-level=\"1\"><span style=\"font-weight: 400;\">other countries in the world: between <\/span><b>3 and 5 working days<\/b><span style=\"font-weight: 400;\">.<\/span><span style=\"font-weight: 400;\"><br \/><br \/><\/span><\/li><\/ul><p><span style=\"font-weight: 400;\">Deadlines are estimated, are counted in working days and may change for reasons beyond the control of Montado, including logistical delays, customs control, operational constraints or force majeure events.<\/span><\/p><h4><b>5. Shipping costs<\/b><\/h4><p><span style=\"font-weight: 400;\">Unless otherwise stated, the applicable postage rates are:<\/span><\/p><ul><li style=\"font-weight: 400;\" aria-level=\"1\"><span style=\"font-weight: 400;\">Mainland Portugal: <\/span><b>4,95 \u20ac<\/b><span style=\"font-weight: 400;\">;<\/span><span style=\"font-weight: 400;\"><br \/><br \/><\/span><\/li><li style=\"font-weight: 400;\" aria-level=\"1\"><span style=\"font-weight: 400;\">Mainland Portugal: free postage on orders equal to or greater than <\/span><b>50 \u20ac<\/b><span style=\"font-weight: 400;\">;<\/span><span style=\"font-weight: 400;\"><br \/><br \/><\/span><\/li><li style=\"font-weight: 400;\" aria-level=\"1\"><span style=\"font-weight: 400;\">Madeira and the Azores: <\/span><b>9,95 \u20ac<\/b><span style=\"font-weight: 400;\">;<\/span><span style=\"font-weight: 400;\"><br \/><br \/><\/span><\/li><li style=\"font-weight: 400;\" aria-level=\"1\"><span style=\"font-weight: 400;\">European Union: <\/span><b>17,00 \u20ac<\/b><span style=\"font-weight: 400;\">;<\/span><span style=\"font-weight: 400;\"><br \/><br \/><\/span><\/li><li style=\"font-weight: 400;\" aria-level=\"1\"><span style=\"font-weight: 400;\">European countries outside the European Union: <\/span><b>19,90 \u20ac<\/b><span style=\"font-weight: 400;\">;<\/span><span style=\"font-weight: 400;\"><br \/><br \/><\/span><\/li><li style=\"font-weight: 400;\" aria-level=\"1\"><span style=\"font-weight: 400;\">The rest of the world: <\/span><b>49,50 \u20ac<\/b><span style=\"font-weight: 400;\">.<\/span><span style=\"font-weight: 400;\"><br \/><br \/><\/span><\/li><\/ul><h4><b>6. Processing<\/b><\/h4><p><span style=\"font-weight: 400;\">Orders can be placed at any time, but are processed on working days.<\/span><\/p><p><span style=\"font-weight: 400;\">Preparation and dispatch of the order depends on confirmation of payment, stock availability and internal validation of the order.<\/span><\/p><h4><b>7. Tracking<\/b><\/h4><p><span style=\"font-weight: 400;\">Whenever the carrier allows it, the customer will receive tracking information to follow the status of the delivery.<\/span><\/p><h4><b>8. PO Box deliveries<\/b><\/h4><p><span style=\"font-weight: 400;\">Montado does not deliver to PO boxes.<\/span><\/p><h4><b>9. Customs Fees and Import Charges<\/b><\/h4><p><span style=\"font-weight: 400;\">For orders dispatched to countries outside the European Union, the recipient may be liable to pay customs duties, import VAT, customs charges or other local costs in the country of destination, which are the sole responsibility of the customer.<\/span><\/p><h4><b>10. Parcels returned to sender<\/b><\/h4><p><span style=\"font-weight: 400;\">If the order is returned to Montado for a reason attributable to the customer, including incorrect address, incomplete address, absence of the recipient, failure to collect at a collection point or unjustified refusal, Montado may:<\/span><span style=\"font-weight: 400;\"><br \/><\/span><b> a)<\/b><span style=\"font-weight: 400;\"> request payment of new postage for reshipment; or<\/span><span style=\"font-weight: 400;\"><br \/><\/span><b> b)<\/b><span style=\"font-weight: 400;\"> accept the cancellation of the order and proceed with the refund, deducting the shipping costs and any charges borne by Montado.<\/span><\/p>\t\t\t\t\t\t\t\t<\/div>\n\t\t\t\t\t<\/div>\n\t\t\t\t<\/div>\n\t\t<div class=\"elementor-element elementor-element-37d348e e-flex e-con-boxed e-con e-parent\" data-id=\"37d348e\" data-element_type=\"container\" data-e-type=\"container\">\n\t\t\t\t\t<div class=\"e-con-inner\">\n\t\t\t\t<div class=\"elementor-element elementor-element-7eef356 elementor-widget elementor-widget-spacer\" data-id=\"7eef356\" data-element_type=\"widget\" data-e-type=\"widget\" data-widget_type=\"spacer.default\">\n\t\t\t\t\t\t\t<div class=\"elementor-spacer\">\n\t\t\t<div class=\"elementor-spacer-inner\"><\/div>\n\t\t<\/div>\n\t\t\t\t\t\t<\/div>\n\t\t\t\t\t<\/div>\n\t\t\t\t<\/div>\n\t\t\t\t<\/div>","protected":false},"excerpt":{"rendered":"<p>Envios e Entregas 1. \u00c2mbito A presente pol\u00edtica regula as condi\u00e7\u00f5es de envio e entrega das encomendas realizadas atrav\u00e9s da loja online Montado. 2. Destinos A Montado efetua envios para: Portugal Continental; Madeira e A\u00e7ores; Pa\u00edses da Uni\u00e3o Europeia; Pa\u00edses da Europa fora da Uni\u00e3o Europeia; Restantes pa\u00edses do mundo; Outros destinos legalmente permitidos. A [&hellip;]<\/p>\n","protected":false},"author":1,"featured_media":0,"parent":0,"menu_order":0,"comment_status":"closed","ping_status":"closed","template":"","meta":{"footnotes":""},"class_list":["post-3504","page","type-page","status-publish","hentry","_wholesalex wsx-wholesalex-product"],"_links":{"self":[{"href":"https:\/\/montado.pt\/en\/wp-json\/wp\/v2\/pages\/3504","targetHints":{"allow":["GET"]}}],"collection":[{"href":"https:\/\/montado.pt\/en\/wp-json\/wp\/v2\/pages"}],"about":[{"href":"https:\/\/montado.pt\/en\/wp-json\/wp\/v2\/types\/page"}],"author":[{"embeddable":true,"href":"https:\/\/montado.pt\/en\/wp-json\/wp\/v2\/users\/1"}],"replies":[{"embeddable":true,"href":"https:\/\/montado.pt\/en\/wp-json\/wp\/v2\/comments?post=3504"}],"version-history":[{"count":4,"href":"https:\/\/montado.pt\/en\/wp-json\/wp\/v2\/pages\/3504\/revisions"}],"predecessor-version":[{"id":3508,"href":"https:\/\/montado.pt\/en\/wp-json\/wp\/v2\/pages\/3504\/revisions\/3508"}],"wp:attachment":[{"href":"https:\/\/montado.pt\/en\/wp-json\/wp\/v2\/media?parent=3504"}],"curies":[{"name":"wp","href":"https:\/\/api.w.org\/{rel}","templated":true}]}}