{"id":3468,"date":"2026-03-21T11:56:23","date_gmt":"2026-03-21T11:56:23","guid":{"rendered":"https:\/\/montado.pt\/?page_id=3468"},"modified":"2026-03-21T11:57:06","modified_gmt":"2026-03-21T11:57:06","slug":"cookie-policy","status":"publish","type":"page","link":"https:\/\/montado.pt\/en\/politica-de-cookies\/","title":{"rendered":"Cookie Policy"},"content":{"rendered":"<div data-elementor-type=\"wp-page\" data-elementor-id=\"3468\" class=\"elementor elementor-3468\" wpc-filter-elementor-widget=\"1\" data-elementor-post-type=\"page\">\n\t\t\t\t<div class=\"elementor-element elementor-element-ff1dd28 e-flex e-con-boxed e-con e-parent\" data-id=\"ff1dd28\" data-element_type=\"container\" data-e-type=\"container\">\n\t\t\t\t\t<div class=\"e-con-inner\">\n\t\t\t\t<div class=\"elementor-element elementor-element-b786de1 elementor-widget elementor-widget-spacer\" data-id=\"b786de1\" data-element_type=\"widget\" data-e-type=\"widget\" data-widget_type=\"spacer.default\">\n\t\t\t\t\t\t\t<div class=\"elementor-spacer\">\n\t\t\t<div class=\"elementor-spacer-inner\"><\/div>\n\t\t<\/div>\n\t\t\t\t\t\t<\/div>\n\t\t\t\t\t<\/div>\n\t\t\t\t<\/div>\n\t\t<div class=\"elementor-element elementor-element-a508b92 e-flex e-con-boxed e-con e-parent\" data-id=\"a508b92\" data-element_type=\"container\" data-e-type=\"container\">\n\t\t\t\t\t<div class=\"e-con-inner\">\n\t\t\t\t<div class=\"elementor-element elementor-element-05c1833 elementor-widget elementor-widget-heading\" data-id=\"05c1833\" data-element_type=\"widget\" data-e-type=\"widget\" data-widget_type=\"heading.default\">\n\t\t\t\t\t<h2 class=\"elementor-heading-title elementor-size-default\">Cookie Policy<\/h2>\t\t\t\t<\/div>\n\t\t\t\t\t<\/div>\n\t\t\t\t<\/div>\n\t\t<div class=\"elementor-element elementor-element-70d47fa e-flex e-con-boxed e-con e-parent\" data-id=\"70d47fa\" data-element_type=\"container\" data-e-type=\"container\">\n\t\t\t\t\t<div class=\"e-con-inner\">\n\t\t\t\t<div class=\"elementor-element elementor-element-a9d77b1 elementor-widget elementor-widget-text-editor\" data-id=\"a9d77b1\" data-element_type=\"widget\" data-e-type=\"widget\" data-widget_type=\"text-editor.default\">\n\t\t\t\t\t\t\t\t\t<p><span style=\"font-weight: 400;\">This Cookie Policy explains what cookies are, what they are used for, which categories of cookies may be used on the montado.pt website, and how the user can manage their preferences. In Portugal, the storage of information or access to information on the user's equipment generally requires prior consent, unless it is strictly necessary for the provision of the requested service.<\/span><\/p><h4><b>1. What are Cookies<\/b><\/h4><p><span style=\"font-weight: 400;\">Cookies are small text files stored on the user's device when they visit a website. These files allow the browser to be recognised, preferences to be saved, navigation to be improved, website performance to be measured, and in some cases, content and advertising to be personalised.<\/span><\/p><h4><b>2. What Are They For<\/b><\/h4><p><span style=\"font-weight: 400;\">Cookies can be used to:<\/span><\/p><ul><li style=\"font-weight: 400;\" aria-level=\"1\"><span style=\"font-weight: 400;\">ensure the technical operation of the website;<\/span><span style=\"font-weight: 400;\"><br \/><br \/><\/span><\/li><li style=\"font-weight: 400;\" aria-level=\"1\"><span style=\"font-weight: 400;\">save user preferences;<\/span><span style=\"font-weight: 400;\"><br \/><br \/><\/span><\/li><li style=\"font-weight: 400;\" aria-level=\"1\"><span style=\"font-weight: 400;\">allow authentication in restricted areas;<\/span><span style=\"font-weight: 400;\"><br \/><br \/><\/span><\/li><li style=\"font-weight: 400;\" aria-level=\"1\"><span style=\"font-weight: 400;\">analyse browsing and performance statistics;<\/span><span style=\"font-weight: 400;\"><br \/><br \/><\/span><\/li><li style=\"font-weight: 400;\" aria-level=\"1\"><span style=\"font-weight: 400;\">measure the effectiveness of campaigns;<\/span><span style=\"font-weight: 400;\"><br \/><br \/><\/span><\/li><li style=\"font-weight: 400;\" aria-level=\"1\"><span style=\"font-weight: 400;\">show more relevant advertising;<\/span><span style=\"font-weight: 400;\"><br \/><br \/><\/span><\/li><li style=\"font-weight: 400;\" aria-level=\"1\"><span style=\"font-weight: 400;\">strengthen security and prevent misuse.<\/span><span style=\"font-weight: 400;\"><br \/><br \/><\/span><\/li><\/ul><h4><b>3. Cookie Categories<\/b><\/h4><p><span style=\"font-weight: 400;\">Montado may use the following categories of cookies:<\/span><\/p><h5><b>a) Strictly Necessary Cookies<\/b><\/h5><p><span style=\"font-weight: 400;\">They are essential for the website to function and for providing essential features, such as navigation, security, session management, customer account access, shopping cart, and the checkout process.<\/span><\/p><p><span style=\"font-weight: 400;\">These cookies do not require prior consent when they are strictly necessary for a service expressly requested by the user.<\/span><\/p><h5><b>b) Preference Cookies<\/b><\/h5><p><span style=\"font-weight: 400;\">They allow us to remember user choices, such as language, region, session, or other browsing preferences.<\/span><\/p><h5><b>c) Statistical Cookies<\/b><\/h5><p><span style=\"font-weight: 400;\">We allow for the analysis of how users navigate the website, to measure traffic, behaviour, performance, and the use of pages and features, with a view to the continuous improvement of the user experience.<\/span><\/p><h5><b>d) Marketing Cookies<\/b><\/h5><p><span style=\"font-weight: 400;\">They allow us to measure campaigns, create audiences, perform remarketing and show more relevant ads on our own or third-party platforms.<\/span><\/p><h4><b>4. Tools and Services That May Use Cookies<\/b><\/h4><p><span style=\"font-weight: 400;\">The website may use the following third-party tools and services, among others:<\/span><\/p><ul><li style=\"font-weight: 400;\" aria-level=\"1\"><b>Google Analytics<\/b><b><br \/><br \/><\/b><\/li><li style=\"font-weight: 400;\" aria-level=\"1\"><b>Meta Pixel<\/b><b><br \/><br \/><\/b><\/li><li style=\"font-weight: 400;\" aria-level=\"1\"><b>Google Ads<\/b><b><br \/><br \/><\/b><\/li><li style=\"font-weight: 400;\" aria-level=\"1\"><b>Mailchimp<\/b><b><br \/><br \/><\/b><\/li><li style=\"font-weight: 400;\" aria-level=\"1\"><b>YouTube<\/b><b><br \/><br \/><\/b><\/li><li style=\"font-weight: 400;\" aria-level=\"1\"><b>Google reCAPTCHA<\/b><b><br \/><br \/><\/b><\/li><\/ul><p><span style=\"font-weight: 400;\">The effective use of each service may depend on the specific configuration of the website at any given time.<\/span><\/p><p><span style=\"font-weight: 400;\">Some of these third parties may collect browsing data or use their own cookies, in accordance with their respective privacy and cookie policies.<\/span><\/p><h4><b>5. Consent<\/b><\/h4><p><span style=\"font-weight: 400;\">Cookies that are not strictly necessary will only be activated after the user's free, specific, informed and unequivocal consent, through the cookie consent management platform to be implemented on the website. Consent must be given separately for each purpose or category.<\/span><\/p><p><span style=\"font-weight: 400;\">The user can accept all categories, reject non-essential categories, or configure their preferences.<\/span><\/p><h4><b>6. Preference Management<\/b><\/h4><p><span style=\"font-weight: 400;\">The user may, at any time:<\/span><\/p><ul><li style=\"font-weight: 400;\" aria-level=\"1\"><span style=\"font-weight: 400;\">change cookie preferences through the consent management tool available on the website;<\/span><span style=\"font-weight: 400;\"><br \/><br \/><\/span><\/li><li style=\"font-weight: 400;\" aria-level=\"1\"><span style=\"font-weight: 400;\">configure the browser to block or clear cookies;<\/span><span style=\"font-weight: 400;\"><br \/><br \/><\/span><\/li><li style=\"font-weight: 400;\" aria-level=\"1\"><span style=\"font-weight: 400;\">withdraw the previously given consent.<\/span><span style=\"font-weight: 400;\"><br \/><br \/><\/span><\/li><\/ul><p><span style=\"font-weight: 400;\">Disabling certain cookies may affect the normal functioning of some website features.<\/span><\/p><h4><b>7. Third-Party Cookies and International Transfers<\/b><\/h4><p><span style=\"font-weight: 400;\">Montado will seek to ensure the existence of adequate safeguards in accordance with applicable legislation for certain cookies and third-party technologies that may involve the processing of data by entities located outside the European Economic Area.<\/span><\/p><h4><b>8. Changes to the Cookie Policy<\/b><\/h4><p><span style=\"font-weight: 400;\">Montado reserves the right to update this Cookie Policy at any time. Changes will be published on the website and will take effect from their respective publication date.<\/span><\/p>\t\t\t\t\t\t\t\t<\/div>\n\t\t\t\t\t<\/div>\n\t\t\t\t<\/div>\n\t\t<div class=\"elementor-element elementor-element-e266919 e-flex e-con-boxed e-con e-parent\" data-id=\"e266919\" data-element_type=\"container\" data-e-type=\"container\">\n\t\t\t\t\t<div class=\"e-con-inner\">\n\t\t\t\t<div class=\"elementor-element elementor-element-f1f89d4 elementor-widget elementor-widget-spacer\" data-id=\"f1f89d4\" data-element_type=\"widget\" data-e-type=\"widget\" data-widget_type=\"spacer.default\">\n\t\t\t\t\t\t\t<div class=\"elementor-spacer\">\n\t\t\t<div class=\"elementor-spacer-inner\"><\/div>\n\t\t<\/div>\n\t\t\t\t\t\t<\/div>\n\t\t\t\t\t<\/div>\n\t\t\t\t<\/div>\n\t\t\t\t<\/div>","protected":false},"excerpt":{"rendered":"<p>Pol\u00edtica de Cookies A presente Pol\u00edtica de Cookies explica o que s\u00e3o cookies, para que servem, que categorias de cookies podem ser utilizadas no website montado.pt e como o utilizador pode gerir as respetivas prefer\u00eancias. Em Portugal, o armazenamento de informa\u00e7\u00e3o ou o acesso a informa\u00e7\u00e3o no equipamento do utilizador depende, em regra, de consentimento [&hellip;]<\/p>\n","protected":false},"author":1,"featured_media":0,"parent":0,"menu_order":0,"comment_status":"closed","ping_status":"closed","template":"","meta":{"footnotes":""},"class_list":["post-3468","page","type-page","status-publish","hentry","_wholesalex wsx-wholesalex-product"],"_links":{"self":[{"href":"https:\/\/montado.pt\/en\/wp-json\/wp\/v2\/pages\/3468","targetHints":{"allow":["GET"]}}],"collection":[{"href":"https:\/\/montado.pt\/en\/wp-json\/wp\/v2\/pages"}],"about":[{"href":"https:\/\/montado.pt\/en\/wp-json\/wp\/v2\/types\/page"}],"author":[{"embeddable":true,"href":"https:\/\/montado.pt\/en\/wp-json\/wp\/v2\/users\/1"}],"replies":[{"embeddable":true,"href":"https:\/\/montado.pt\/en\/wp-json\/wp\/v2\/comments?post=3468"}],"version-history":[{"count":5,"href":"https:\/\/montado.pt\/en\/wp-json\/wp\/v2\/pages\/3468\/revisions"}],"predecessor-version":[{"id":3473,"href":"https:\/\/montado.pt\/en\/wp-json\/wp\/v2\/pages\/3468\/revisions\/3473"}],"wp:attachment":[{"href":"https:\/\/montado.pt\/en\/wp-json\/wp\/v2\/media?parent=3468"}],"curies":[{"name":"wp","href":"https:\/\/api.w.org\/{rel}","templated":true}]}}