{"id":3344,"date":"2026-03-02T11:58:04","date_gmt":"2026-03-02T11:58:04","guid":{"rendered":"https:\/\/dev.montado.pt\/?page_id=3344"},"modified":"2026-03-02T12:06:42","modified_gmt":"2026-03-02T12:06:42","slug":"como-encomendar","status":"publish","type":"page","link":"https:\/\/montado.pt\/en\/como-encomendar\/","title":{"rendered":"How to Order"},"content":{"rendered":"<div data-elementor-type=\"wp-page\" data-elementor-id=\"3344\" class=\"elementor elementor-3344\" wpc-filter-elementor-widget=\"1\" data-elementor-post-type=\"page\">\n\t\t\t\t<div class=\"elementor-element elementor-element-b4fea45 e-flex e-con-boxed e-con e-parent\" data-id=\"b4fea45\" data-element_type=\"container\" data-e-type=\"container\">\n\t\t\t\t\t<div class=\"e-con-inner\">\n\t\t\t\t<div class=\"elementor-element elementor-element-57b0a42 elementor-widget elementor-widget-spacer\" data-id=\"57b0a42\" data-element_type=\"widget\" data-e-type=\"widget\" data-widget_type=\"spacer.default\">\n\t\t\t\t\t\t\t<div class=\"elementor-spacer\">\n\t\t\t<div class=\"elementor-spacer-inner\"><\/div>\n\t\t<\/div>\n\t\t\t\t\t\t<\/div>\n\t\t\t\t<div class=\"elementor-element elementor-element-23d49b0 elementor-widget elementor-widget-heading\" data-id=\"23d49b0\" data-element_type=\"widget\" data-e-type=\"widget\" data-widget_type=\"heading.default\">\n\t\t\t\t\t<h2 class=\"elementor-heading-title elementor-size-default\">How to Order<\/h2>\t\t\t\t<\/div>\n\t\t\t\t<div class=\"elementor-element elementor-element-a48b62b elementor-widget elementor-widget-heading\" data-id=\"a48b62b\" data-element_type=\"widget\" data-e-type=\"widget\" data-widget_type=\"heading.default\">\n\t\t\t\t\t<h2 class=\"elementor-heading-title elementor-size-default\">Em que Pa\u00edses \u00e9 Poss\u00edvel Comprar Online?<\/h2>\t\t\t\t<\/div>\n\t\t\t\t<div class=\"elementor-element elementor-element-f3dbb6e elementor-widget elementor-widget-text-editor\" data-id=\"f3dbb6e\" data-element_type=\"widget\" data-e-type=\"widget\" data-widget_type=\"text-editor.default\">\n\t\t\t\t\t\t\t\t\t<p>A Montado envia os seus produtos para todo o mundo. Por favor, consulte a informa\u00e7\u00e3o referente a custos e prazos de entrega.<\/p>\t\t\t\t\t\t\t\t<\/div>\n\t\t\t\t<div class=\"elementor-element elementor-element-48a8a9e elementor-widget elementor-widget-heading\" data-id=\"48a8a9e\" data-element_type=\"widget\" data-e-type=\"widget\" data-widget_type=\"heading.default\">\n\t\t\t\t\t<h2 class=\"elementor-heading-title elementor-size-default\">Registo<\/h2>\t\t\t\t<\/div>\n\t\t\t\t<div class=\"elementor-element elementor-element-01b2d96 elementor-widget elementor-widget-text-editor\" data-id=\"01b2d96\" data-element_type=\"widget\" data-e-type=\"widget\" data-widget_type=\"text-editor.default\">\n\t\t\t\t\t\t\t\t\t<p>Pode comprar em www.montado.pt sem a necessita de criar uma conta no nosso website na \u00e1rea destinada a esse efeito, no entanto recomendamos que crie uma conta.\u00a0<\/p><p>Existem dois tipos de contas de utilizador: conta pessoal e conta profissional. A conta profissional ser\u00e1 validada previamente pelos nossos servi\u00e7os, etapa ap\u00f3s a qual estes utilizadores podem fazer login, aceder a pre\u00e7os especiais e fazer as suas encomendas. A conta pessoal dispensa valida\u00e7\u00e3o, podendo o utilizador fazer login de imediato.<\/p>\t\t\t\t\t\t\t\t<\/div>\n\t\t\t\t<div class=\"elementor-element elementor-element-facb4dc elementor-widget elementor-widget-heading\" data-id=\"facb4dc\" data-element_type=\"widget\" data-e-type=\"widget\" data-widget_type=\"heading.default\">\n\t\t\t\t\t<h2 class=\"elementor-heading-title elementor-size-default\">Como Comprar<\/h2>\t\t\t\t<\/div>\n\t\t\t\t<div class=\"elementor-element elementor-element-23dbc0c elementor-widget elementor-widget-text-editor\" data-id=\"23dbc0c\" data-element_type=\"widget\" data-e-type=\"widget\" data-widget_type=\"text-editor.default\">\n\t\t\t\t\t\t\t\t\t<p>Para comprar com uma conta pessoal pode escolher os seus produtos, indicar o modo de envio preferido e um m\u00e9todo de pagamento, e finalizar o seu pedido. Recomendamos que crie uma conta connosco antes de finalizar o seu pedido.<\/p><p>Para poder efetuar a sua encomenda como profissional o utilizador dever\u00e1:\u00a0<\/p><ul><li>Ser Empres\u00e1rio em Nome Individual ou uma Sociedade Comercial;<\/li><li>Criar uma conta no website Montado;<\/li><li>Aguardar a valida\u00e7\u00e3o do seu registo e a ativa\u00e7\u00e3o da sua conta de cliente;<\/li><li>Ap\u00f3s ter recebido a confirma\u00e7\u00e3o da ativa\u00e7\u00e3o por email, efetuar o Login no website;<\/li><li>Ter completado a informa\u00e7\u00e3o solicitada, nomeadamente a morada de entrega e a fatura\u00e7\u00e3o.<\/li><\/ul><p>\u00a0<\/p><p>Caso seja um cliente profissional, a sua encomenda ser\u00e1 enviada para os nossos servi\u00e7os sem necessidade de pagamento pr\u00e9vio ou sele\u00e7\u00e3o de modo de envio. Os nossos servi\u00e7os contact\u00e1-lo-\u00e3o posteriormente para dar seguimento ao seu pedido, nomeadamente no que se refere a custos e op\u00e7\u00f5es de transporte e pagamento.<\/p><p>A concretiza\u00e7\u00e3o da encomenda pelo utilizador representa a aceita\u00e7\u00e3o plena e completa dos pre\u00e7os e descri\u00e7\u00e3o dos produtos dispon\u00edveis assim como das Condi\u00e7\u00f5es Gerais de Compra e Utiliza\u00e7\u00e3o.<\/p><p>A Montado respeita os prazos de um pedido desde que haja disponibilidade de stock. Na hip\u00f3tese de n\u00e3o haver disponibilidade de stock, a Montado entrar\u00e1 em contacto com o cliente por email ou por telefone de modo a informar o novo prazo de entrega do produto. Caso o cliente n\u00e3o concorde com o prazo de entrega, poder\u00e1 optar por encomendar outro artigo.<\/p>\t\t\t\t\t\t\t\t<\/div>\n\t\t\t\t<div class=\"elementor-element elementor-element-86a7745 elementor-widget elementor-widget-spacer\" data-id=\"86a7745\" data-element_type=\"widget\" data-e-type=\"widget\" data-widget_type=\"spacer.default\">\n\t\t\t\t\t\t\t<div class=\"elementor-spacer\">\n\t\t\t<div class=\"elementor-spacer-inner\"><\/div>\n\t\t<\/div>\n\t\t\t\t\t\t<\/div>\n\t\t\t\t\t<\/div>\n\t\t\t\t<\/div>\n\t\t\t\t<\/div>","protected":false},"excerpt":{"rendered":"<p>Como Encomendar Em que Pa\u00edses \u00e9 Poss\u00edvel Comprar Online? A Montado envia os seus produtos para todo o mundo. Por favor, consulte a informa\u00e7\u00e3o referente a custos e prazos de entrega. Registo Pode comprar em www.montado.pt sem a necessita de criar uma conta no nosso website na \u00e1rea destinada a esse efeito, no entanto recomendamos [&hellip;]<\/p>\n","protected":false},"author":1,"featured_media":0,"parent":0,"menu_order":0,"comment_status":"closed","ping_status":"closed","template":"","meta":{"footnotes":""},"class_list":["post-3344","page","type-page","status-publish","hentry","_wholesalex wsx-wholesalex-product"],"_links":{"self":[{"href":"https:\/\/montado.pt\/en\/wp-json\/wp\/v2\/pages\/3344","targetHints":{"allow":["GET"]}}],"collection":[{"href":"https:\/\/montado.pt\/en\/wp-json\/wp\/v2\/pages"}],"about":[{"href":"https:\/\/montado.pt\/en\/wp-json\/wp\/v2\/types\/page"}],"author":[{"embeddable":true,"href":"https:\/\/montado.pt\/en\/wp-json\/wp\/v2\/users\/1"}],"replies":[{"embeddable":true,"href":"https:\/\/montado.pt\/en\/wp-json\/wp\/v2\/comments?post=3344"}],"version-history":[{"count":4,"href":"https:\/\/montado.pt\/en\/wp-json\/wp\/v2\/pages\/3344\/revisions"}],"predecessor-version":[{"id":3348,"href":"https:\/\/montado.pt\/en\/wp-json\/wp\/v2\/pages\/3344\/revisions\/3348"}],"wp:attachment":[{"href":"https:\/\/montado.pt\/en\/wp-json\/wp\/v2\/media?parent=3344"}],"curies":[{"name":"wp","href":"https:\/\/api.w.org\/{rel}","templated":true}]}}