{"id":201,"date":"2025-12-18T23:52:22","date_gmt":"2025-12-18T23:52:22","guid":{"rendered":"https:\/\/dev.montado.pt\/?page_id=201"},"modified":"2025-12-19T00:03:49","modified_gmt":"2025-12-19T00:03:49","slug":"advantages-of-cork","status":"publish","type":"page","link":"https:\/\/montado.pt\/en\/vantagens-da-cortica\/","title":{"rendered":"Vantagens da Cortic\u0327a"},"content":{"rendered":"<div data-elementor-type=\"wp-page\" data-elementor-id=\"201\" class=\"elementor elementor-201\" wpc-filter-elementor-widget=\"1\" data-elementor-post-type=\"page\">\n\t\t\t\t<div class=\"elementor-element elementor-element-79b61b61 e-flex e-con-boxed e-con e-parent\" data-id=\"79b61b61\" data-element_type=\"container\" data-e-type=\"container\">\n\t\t\t\t\t<div class=\"e-con-inner\">\n\t\t<div class=\"elementor-element elementor-element-5460f803 e-con-full e-flex e-con e-child\" data-id=\"5460f803\" data-element_type=\"container\" data-e-type=\"container\" data-settings=\"{&quot;background_background&quot;:&quot;classic&quot;}\">\n\t\t<div class=\"elementor-element elementor-element-6fb9df99 e-con-full e-flex e-con e-child\" data-id=\"6fb9df99\" data-element_type=\"container\" data-e-type=\"container\">\n\t\t<div class=\"elementor-element elementor-element-78e49063 e-con-full e-flex e-con e-child\" data-id=\"78e49063\" data-element_type=\"container\" data-e-type=\"container\">\n\t\t\t\t<div class=\"elementor-element elementor-element-45a73015 elementor-widget elementor-widget-heading\" data-id=\"45a73015\" data-element_type=\"widget\" data-e-type=\"widget\" data-widget_type=\"heading.default\">\n\t\t\t\t\t<h2 class=\"elementor-heading-title elementor-size-default\">Advantages of cork<\/h2>\t\t\t\t<\/div>\n\t\t\t\t<\/div>\n\t\t\t\t<\/div>\n\t\t\t\t<\/div>\n\t\t\t\t\t<\/div>\n\t\t\t\t<\/div>\n\t\t<div class=\"elementor-element elementor-element-7fb893a e-flex e-con-boxed e-con e-parent\" data-id=\"7fb893a\" data-element_type=\"container\" data-e-type=\"container\">\n\t\t\t\t\t<div class=\"e-con-inner\">\n\t\t\t\t<div class=\"elementor-element elementor-element-6afaf31 elementor-widget elementor-widget-heading\" data-id=\"6afaf31\" data-element_type=\"widget\" data-e-type=\"widget\" data-widget_type=\"heading.default\">\n\t\t\t\t\t<h2 class=\"elementor-heading-title elementor-size-default\">Cork: discover the characteristics that bring it close to perfection.<\/h2>\t\t\t\t<\/div>\n\t\t\t\t<div class=\"elementor-element elementor-element-234483a elementor-widget elementor-widget-text-editor\" data-id=\"234483a\" data-element_type=\"widget\" data-e-type=\"widget\" data-widget_type=\"text-editor.default\">\n\t\t\t\t\t\t\t\t\t<p>Okay, want to know why there's so much buzz around cork? Why has it become trendy? What's so special about it? Well, when it comes to cork, at Montado we always run the risk of getting carried away. It's our passion, it's almost inevitable. So, to make it easier for you to read, we've decided to make a list.<\/p>\t\t\t\t\t\t\t\t<\/div>\n\t\t\t\t<div class=\"elementor-element elementor-element-9592bef elementor-widget elementor-widget-heading\" data-id=\"9592bef\" data-element_type=\"widget\" data-e-type=\"widget\" data-widget_type=\"heading.default\">\n\t\t\t\t\t<h2 class=\"elementor-heading-title elementor-size-default\">9 reasons to choose a cork fashion accessory<\/h2>\t\t\t\t<\/div>\n\t\t\t\t<div class=\"elementor-element elementor-element-fc2ad3f elementor-widget elementor-widget-heading\" data-id=\"fc2ad3f\" data-element_type=\"widget\" data-e-type=\"widget\" data-widget_type=\"heading.default\">\n\t\t\t\t\t<h2 class=\"elementor-heading-title elementor-size-default\">1. Cork is 100%% Natural<\/h2>\t\t\t\t<\/div>\n\t\t\t\t<div class=\"elementor-element elementor-element-09d1bd9 elementor-widget elementor-widget-text-editor\" data-id=\"09d1bd9\" data-element_type=\"widget\" data-e-type=\"widget\" data-widget_type=\"text-editor.default\">\n\t\t\t\t\t\t\t\t\t<p>Cem.Por.Cento. What is cork? The bark of this magnificent tree, the cork oak, which in Portugal has been classified as the National Tree, with its felling prohibited and penalised throughout the national territory. Cork is \u201cjust\u201d that: a 100% organic raw material, completely environmentally friendly, with which we make bags, wallets, footwear and other products. Sometimes we think it's a small miracle of nature. Other times we are sure of it.<\/p>\t\t\t\t\t\t\t\t<\/div>\n\t\t\t\t<div class=\"elementor-element elementor-element-5a76fc1 elementor-widget elementor-widget-heading\" data-id=\"5a76fc1\" data-element_type=\"widget\" data-e-type=\"widget\" data-widget_type=\"heading.default\">\n\t\t\t\t\t<h2 class=\"elementor-heading-title elementor-size-default\">2. It is a sustainable material<\/h2>\t\t\t\t<\/div>\n\t\t\t\t<div class=\"elementor-element elementor-element-47f8901 elementor-widget elementor-widget-text-editor\" data-id=\"47f8901\" data-element_type=\"widget\" data-e-type=\"widget\" data-widget_type=\"text-editor.default\">\n\t\t\t\t\t\t\t\t\t<p>No trees are felled or damaged to obtain cork. Each cork oak tree lives on average between 150 to 200 years, and cork harvesting is done in nine-year cycles. By calculation, each cork oak tree provides cork about 50 times. In other words, cork is a renewable raw material. Grandmothers, parents, children, grandchildren\u2026 how many generations is 150 years?<\/p>\t\t\t\t\t\t\t\t<\/div>\n\t\t\t\t<div class=\"elementor-element elementor-element-362196d elementor-widget elementor-widget-heading\" data-id=\"362196d\" data-element_type=\"widget\" data-e-type=\"widget\" data-widget_type=\"heading.default\">\n\t\t\t\t\t<h2 class=\"elementor-heading-title elementor-size-default\">3. Light as a feather<\/h2>\t\t\t\t<\/div>\n\t\t\t\t<div class=\"elementor-element elementor-element-adb9d78 elementor-widget elementor-widget-text-editor\" data-id=\"adb9d78\" data-element_type=\"widget\" data-e-type=\"widget\" data-widget_type=\"text-editor.default\">\n\t\t\t\t\t\t\t\t\t<p>T\u00e3o leve que flutua. Mais de 50% do volume da corti\u00e7a \u00e9 ar. Sim, ar. A corti\u00e7a pesa apenas 0,16g por cent\u00edmetro c\u00fabico. Se a sua mala mais parece a do Sport Billy (lembram-se dele?), a \u00faltima coisa que lhe interessa \u00e9 que mesmo vazia ela j\u00e1 seja pesada. Com a corti\u00e7a n\u00e3o tem esse problema, \u00e9 leve como uma pena.<\/p>\t\t\t\t\t\t\t\t<\/div>\n\t\t\t\t<div class=\"elementor-element elementor-element-82d0588 elementor-widget elementor-widget-heading\" data-id=\"82d0588\" data-element_type=\"widget\" data-e-type=\"widget\" data-widget_type=\"heading.default\">\n\t\t\t\t\t<h2 class=\"elementor-heading-title elementor-size-default\">4. It's elastic and resistant<\/h2>\t\t\t\t<\/div>\n\t\t\t\t<div class=\"elementor-element elementor-element-9f63641 elementor-widget elementor-widget-text-editor\" data-id=\"9f63641\" data-element_type=\"widget\" data-e-type=\"widget\" data-widget_type=\"text-editor.default\">\n\t\t\t\t\t\t\t\t\t<p>A suitcase made from a raw material with a volume of 50% air? We understand the scepticism, but the truth is that cork is a unique raw material. Cork can withstand enormous pressure without breaking, merely stretching and returning to its original shape when the pressure is removed. This is known as elastic memory. Its resistance results from this compressibility and elasticity \u2013 it is the only solid that can be compressed on one side while maintaining its original shape on the other.<\/p>\t\t\t\t\t\t\t\t<\/div>\n\t\t\t\t<div class=\"elementor-element elementor-element-7868824 elementor-widget elementor-widget-heading\" data-id=\"7868824\" data-element_type=\"widget\" data-e-type=\"widget\" data-widget_type=\"heading.default\">\n\t\t\t\t\t<h2 class=\"elementor-heading-title elementor-size-default\">5. Resists humidity and is waterproof<\/h2>\t\t\t\t<\/div>\n\t\t\t\t<div class=\"elementor-element elementor-element-2545a86 elementor-widget elementor-widget-text-editor\" data-id=\"2545a86\" data-element_type=\"widget\" data-e-type=\"widget\" data-widget_type=\"text-editor.default\">\n\t\t\t\t\t\t\t\t\t<p>The cell walls of cork are coated with suberin and ceroids, properties that make it practically impermeable to liquids and gases. In addition, its enormous resistance to humidity allows it to avoid oxidation and rot and to age without deteriorating.<\/p>\t\t\t\t\t\t\t\t<\/div>\n\t\t\t\t<div class=\"elementor-element elementor-element-022161e elementor-widget elementor-widget-heading\" data-id=\"022161e\" data-element_type=\"widget\" data-e-type=\"widget\" data-widget_type=\"heading.default\">\n\t\t\t\t\t<h2 class=\"elementor-heading-title elementor-size-default\">6. Extremely soft to the touch<\/h2>\t\t\t\t<\/div>\n\t\t\t\t<div class=\"elementor-element elementor-element-ce9e186 elementor-widget elementor-widget-text-editor\" data-id=\"ce9e186\" data-element_type=\"widget\" data-e-type=\"widget\" data-widget_type=\"text-editor.default\">\n\t\t\t\t\t\t\t\t\t<p>There isn't much to say about this point other than that anyone who has held a piece of cork in their hand knows exactly what we are talking about, and it is one of the most passionate aspects of this incredible material. Touching a cork article is a pleasure for your fingers.<\/p>\t\t\t\t\t\t\t\t<\/div>\n\t\t\t\t<div class=\"elementor-element elementor-element-c2685e3 elementor-widget elementor-widget-heading\" data-id=\"c2685e3\" data-element_type=\"widget\" data-e-type=\"widget\" data-widget_type=\"heading.default\">\n\t\t\t\t\t<h2 class=\"elementor-heading-title elementor-size-default\">7. Fire resistant<\/h2>\t\t\t\t<\/div>\n\t\t\t\t<div class=\"elementor-element elementor-element-a81d8b1 elementor-widget elementor-widget-text-editor\" data-id=\"a81d8b1\" data-element_type=\"widget\" data-e-type=\"widget\" data-widget_type=\"text-editor.default\">\n\t\t\t\t\t\t\t\t\t<p>The Portuguese know this well. The calamity of forest fires that plague the country summer after summer primarily affects eucalyptus and pine forests, but almost always spares Montado because cork is a natural fire retardant. Furthermore, it does not release toxic gases during combustion. Replacing eucalyptus areas with new Montado areas as a way to prevent fires is a consensual measure among experts in the field.<\/p>\t\t\t\t\t\t\t\t<\/div>\n\t\t\t\t<div class=\"elementor-element elementor-element-a0ac023 elementor-widget elementor-widget-heading\" data-id=\"a0ac023\" data-element_type=\"widget\" data-e-type=\"widget\" data-widget_type=\"heading.default\">\n\t\t\t\t\t<h2 class=\"elementor-heading-title elementor-size-default\">8. Comfortable and hypoallergenic<\/h2>\t\t\t\t<\/div>\n\t\t\t\t<div class=\"elementor-element elementor-element-5b381e8 elementor-widget elementor-widget-text-editor\" data-id=\"5b381e8\" data-element_type=\"widget\" data-e-type=\"widget\" data-widget_type=\"text-editor.default\">\n\t\t\t\t\t\t\t\t\t<p>The microscopic air sacs that make up its cells make cork an extremely comfortable raw material with a unique ability to absorb shocks and relieve pressure on joints and the spine. But there's more: cork's natural temperature is very similar to that of the human body, which helps to enhance the feeling of comfort. And even more: cork is essentially odourless, and products that use it do not acquire bad smells. And even more: cork does not absorb dust and prevents allergies.<\/p>\t\t\t\t\t\t\t\t<\/div>\n\t\t\t\t<div class=\"elementor-element elementor-element-4704b07 elementor-widget elementor-widget-heading\" data-id=\"4704b07\" data-element_type=\"widget\" data-e-type=\"widget\" data-widget_type=\"heading.default\">\n\t\t\t\t\t<h2 class=\"elementor-heading-title elementor-size-default\">9. Easy to clean<\/h2>\t\t\t\t<\/div>\n\t\t\t\t<div class=\"elementor-element elementor-element-f921c07 elementor-widget elementor-widget-text-editor\" data-id=\"f921c07\" data-element_type=\"widget\" data-e-type=\"widget\" data-widget_type=\"text-editor.default\">\n\t\t\t\t\t\t\t\t\t<p>This is not a minor characteristic. Due to their impermeability, cork items are very easy to clean. Simply a damp cloth and a neutral pH detergent like soap will do the job. The quality and beauty of cork are guaranteed regardless of how many times the product is washed, and we know that this isn't the case with all materials.<\/p>\t\t\t\t\t\t\t\t<\/div>\n\t\t\t\t\t<\/div>\n\t\t\t\t<\/div>\n\t\t<div class=\"elementor-element elementor-element-b419339 e-flex e-con-boxed e-con e-parent\" data-id=\"b419339\" data-element_type=\"container\" data-e-type=\"container\">\n\t\t\t\t\t<div class=\"e-con-inner\">\n\t\t\t\t<div class=\"elementor-element elementor-element-cd0ec79 elementor-widget elementor-widget-spacer\" data-id=\"cd0ec79\" data-element_type=\"widget\" data-e-type=\"widget\" data-widget_type=\"spacer.default\">\n\t\t\t\t\t\t\t<div class=\"elementor-spacer\">\n\t\t\t<div class=\"elementor-spacer-inner\"><\/div>\n\t\t<\/div>\n\t\t\t\t\t\t<\/div>\n\t\t\t\t\t<\/div>\n\t\t\t\t<\/div>\n\t\t\t\t<\/div>","protected":false},"excerpt":{"rendered":"<p>Vantagens da corti\u00e7a Corti\u00e7a: conhe\u00e7a as caracter\u00edsticas que a aproximam da perfei\u00e7\u00e3o. Ok, quer saber porque \u00e9 que h\u00e1 tanto buzz em redor da corti\u00e7a? Porque \u00e9 que se tornou trendy? O que ela tem realmente de t\u00e3o especial? Bem, nestas coisas da corti\u00e7a, na Montado corremos sempre o risco de nos tornarmos exaustivos. \u00c9 [&hellip;]<\/p>\n","protected":false},"author":1,"featured_media":0,"parent":0,"menu_order":0,"comment_status":"closed","ping_status":"closed","template":"","meta":{"footnotes":""},"class_list":["post-201","page","type-page","status-publish","hentry","_wholesalex wsx-wholesalex-product"],"_links":{"self":[{"href":"https:\/\/montado.pt\/en\/wp-json\/wp\/v2\/pages\/201","targetHints":{"allow":["GET"]}}],"collection":[{"href":"https:\/\/montado.pt\/en\/wp-json\/wp\/v2\/pages"}],"about":[{"href":"https:\/\/montado.pt\/en\/wp-json\/wp\/v2\/types\/page"}],"author":[{"embeddable":true,"href":"https:\/\/montado.pt\/en\/wp-json\/wp\/v2\/users\/1"}],"replies":[{"embeddable":true,"href":"https:\/\/montado.pt\/en\/wp-json\/wp\/v2\/comments?post=201"}],"version-history":[{"count":4,"href":"https:\/\/montado.pt\/en\/wp-json\/wp\/v2\/pages\/201\/revisions"}],"predecessor-version":[{"id":206,"href":"https:\/\/montado.pt\/en\/wp-json\/wp\/v2\/pages\/201\/revisions\/206"}],"wp:attachment":[{"href":"https:\/\/montado.pt\/en\/wp-json\/wp\/v2\/media?parent=201"}],"curies":[{"name":"wp","href":"https:\/\/api.w.org\/{rel}","templated":true}]}}